{"id":1556,"date":"2023-07-24T00:01:21","date_gmt":"2023-07-24T00:01:21","guid":{"rendered":"https:\/\/argentina15.marketingap.com.ar\/?page_id=1556"},"modified":"2023-09-26T03:54:08","modified_gmt":"2023-09-26T03:54:08","slug":"informes-tecnicos-y-de-sintesis","status":"publish","type":"page","link":"https:\/\/arg1punto5.com\/index.php\/informes-tecnicos-y-de-sintesis\/","title":{"rendered":"INFORMES T\u00c9CNICOS Y DE SINTESIS"},"content":{"rendered":"\t\t<div data-elementor-type=\"wp-page\" data-elementor-id=\"1556\" class=\"elementor elementor-1556\" data-elementor-post-type=\"page\">\n\t\t\t\t\t\t\t\t\t<section class=\"elementor-section elementor-top-section elementor-element elementor-element-73e6edb elementor-section-boxed elementor-section-height-default elementor-section-height-default\" data-id=\"73e6edb\" data-element_type=\"section\">\n\t\t\t\t\t\t<div class=\"elementor-container elementor-column-gap-default\">\n\t\t\t\t\t<div class=\"elementor-column elementor-col-100 elementor-top-column elementor-element elementor-element-ffabfdf\" data-id=\"ffabfdf\" data-element_type=\"column\">\n\t\t\t<div class=\"elementor-widget-wrap elementor-element-populated\">\n\t\t\t\t\t\t\t\t<div class=\"elementor-element elementor-element-40ba706 elementor-widget elementor-widget-text-editor\" data-id=\"40ba706\" data-element_type=\"widget\" data-widget_type=\"text-editor.default\">\n\t\t\t\t<div class=\"elementor-widget-container\">\n\t\t\t<style>\/*! elementor - v3.16.0 - 13-09-2023 *\/\n.elementor-widget-text-editor.elementor-drop-cap-view-stacked .elementor-drop-cap{background-color:#69727d;color:#fff}.elementor-widget-text-editor.elementor-drop-cap-view-framed .elementor-drop-cap{color:#69727d;border:3px solid;background-color:transparent}.elementor-widget-text-editor:not(.elementor-drop-cap-view-default) .elementor-drop-cap{margin-top:8px}.elementor-widget-text-editor:not(.elementor-drop-cap-view-default) .elementor-drop-cap-letter{width:1em;height:1em}.elementor-widget-text-editor .elementor-drop-cap{float:left;text-align:center;line-height:1;font-size:50px}.elementor-widget-text-editor .elementor-drop-cap-letter{display:inline-block}<\/style>\t\t\t\t<p>Los informes de s\u00edntesis y t\u00e9cnicos presentan un an\u00e1lisis cuali y cuantitativo en profundidad sobre un tema espec\u00edfico vinculado a la acci\u00f3n clim\u00e1tica de Argentina y otros pa\u00edses, en las negociaciones internacionales en el marco de la Convenci\u00f3n Marco de Naciones Unidas sobre Cambio Clim\u00e1tico y en el G20, as\u00ed como en lo relativo al r\u00e9gimen jur\u00eddico y a las pol\u00edticas clim\u00e1ticas nacionales y subnacionales.<\/p>\t\t\t\t\t\t<\/div>\n\t\t\t\t<\/div>\n\t\t\t\t\t<\/div>\n\t\t<\/div>\n\t\t\t\t\t\t\t<\/div>\n\t\t<\/section>\n\t\t\t\t<section class=\"elementor-section elementor-top-section elementor-element elementor-element-705545e elementor-section-boxed elementor-section-height-default elementor-section-height-default\" data-id=\"705545e\" data-element_type=\"section\">\n\t\t\t\t\t\t<div class=\"elementor-container elementor-column-gap-default\">\n\t\t\t\t\t<div class=\"elementor-column elementor-col-100 elementor-top-column elementor-element elementor-element-27e5981\" data-id=\"27e5981\" data-element_type=\"column\">\n\t\t\t<div class=\"elementor-widget-wrap elementor-element-populated\">\n\t\t\t\t\t\t\t\t<div class=\"elementor-element elementor-element-33f97eb elementor-grid-3 elementor-grid-tablet-2 elementor-grid-mobile-1 elementor-posts--thumbnail-top load-more-align-center elementor-widget elementor-widget-posts\" data-id=\"33f97eb\" data-element_type=\"widget\" data-settings=\"{&quot;pagination_type&quot;:&quot;load_more_on_click&quot;,&quot;classic_columns&quot;:&quot;3&quot;,&quot;classic_columns_tablet&quot;:&quot;2&quot;,&quot;classic_columns_mobile&quot;:&quot;1&quot;,&quot;classic_row_gap&quot;:{&quot;unit&quot;:&quot;px&quot;,&quot;size&quot;:35,&quot;sizes&quot;:[]},&quot;classic_row_gap_tablet&quot;:{&quot;unit&quot;:&quot;px&quot;,&quot;size&quot;:&quot;&quot;,&quot;sizes&quot;:[]},&quot;classic_row_gap_mobile&quot;:{&quot;unit&quot;:&quot;px&quot;,&quot;size&quot;:&quot;&quot;,&quot;sizes&quot;:[]},&quot;load_more_spinner&quot;:{&quot;value&quot;:&quot;fas fa-spinner&quot;,&quot;library&quot;:&quot;fa-solid&quot;}}\" data-widget_type=\"posts.classic\">\n\t\t\t\t<div class=\"elementor-widget-container\">\n\t\t\t<link rel=\"stylesheet\" href=\"https:\/\/arg1punto5.com\/wp-content\/plugins\/elementor-pro\/assets\/css\/widget-posts.min.css\">\t\t<div class=\"elementor-posts-container elementor-posts elementor-posts--skin-classic elementor-grid\">\n\t\t\t\t<article class=\"elementor-post elementor-grid-item post-5140 post type-post status-publish format-standard has-post-thumbnail hentry category-alianzasarg category-arg1-5 category-cocoa category-documento category-nivel_internacional tag-adaptacion tag-btr tag-cambio-climatico tag-financiamiento tag-gga tag-meta-global-de-adaptacion\">\n\t\t\t\t<a class=\"elementor-post__thumbnail__link\" href=\"https:\/\/arg1punto5.com\/index.php\/2025\/12\/30\/cocoa-technical-paper-assessing-adaptation-in-latin-americas-first-btrs-linkages-with-the-global-goal-adaptation-and-the-uae-framework-for-global-climate-resilience\/\" tabindex=\"-1\" target=&quot;_blank&quot;>\n\t\t\t<div class=\"elementor-post__thumbnail\"><img decoding=\"async\" loading=\"lazy\" width=\"1214\" height=\"1688\" src=\"https:\/\/arg1punto5.com\/wp-content\/uploads\/2025\/11\/Captura-de-pantalla-2025-11-12-a-las-11.18.29\u202fa.-m.png\" class=\"attachment-full size-full wp-image-5125\" alt=\"\" srcset=\"https:\/\/arg1punto5.com\/wp-content\/uploads\/2025\/11\/Captura-de-pantalla-2025-11-12-a-las-11.18.29\u202fa.-m.png 1214w, https:\/\/arg1punto5.com\/wp-content\/uploads\/2025\/11\/Captura-de-pantalla-2025-11-12-a-las-11.18.29\u202fa.-m-216x300.png 216w, https:\/\/arg1punto5.com\/wp-content\/uploads\/2025\/11\/Captura-de-pantalla-2025-11-12-a-las-11.18.29\u202fa.-m-736x1024.png 736w, https:\/\/arg1punto5.com\/wp-content\/uploads\/2025\/11\/Captura-de-pantalla-2025-11-12-a-las-11.18.29\u202fa.-m-768x1068.png 768w, https:\/\/arg1punto5.com\/wp-content\/uploads\/2025\/11\/Captura-de-pantalla-2025-11-12-a-las-11.18.29\u202fa.-m-1105x1536.png 1105w\" sizes=\"(max-width: 1214px) 100vw, 1214px\" \/><\/div>\n\t\t<\/a>\n\t\t\t\t<div class=\"elementor-post__text\">\n\t\t\t\t<h3 class=\"elementor-post__title\">\n\t\t\t<a href=\"https:\/\/arg1punto5.com\/index.php\/2025\/12\/30\/cocoa-technical-paper-assessing-adaptation-in-latin-americas-first-btrs-linkages-with-the-global-goal-adaptation-and-the-uae-framework-for-global-climate-resilience\/\" target=&quot;_blank&quot;>\n\t\t\t\tCoCoA Technical Paper. Assessing adaptation in Latin America\u2019s first BTRs: linkages with the Global Goal Adaptation and the UAE Framework for Global Climate Resilience\t\t\t<\/a>\n\t\t<\/h3>\n\t\t\t\t<div class=\"elementor-post__excerpt\">\n\t\t\t<p>Autorxs: Mar\u00eda Luz Falivene Fern\u00e1ndez, Laureano Corval\u00e1n, Pilar Bueno Rubial, Joel Gonz\u00e1lez, Victoria Laguzzi &amp; Carolina Passet Diciembre 2025 This technical paper analyses how 19<\/p>\n\t\t<\/div>\n\t\t\t\t\t<div class=\"elementor-post__read-more-wrapper\">\n\t\t\n\t\t<a class=\"elementor-post__read-more\" href=\"https:\/\/arg1punto5.com\/index.php\/2025\/12\/30\/cocoa-technical-paper-assessing-adaptation-in-latin-americas-first-btrs-linkages-with-the-global-goal-adaptation-and-the-uae-framework-for-global-climate-resilience\/\" aria-label=\"Read more about CoCoA Technical Paper. Assessing adaptation in Latin America\u2019s first BTRs: linkages with the Global Goal Adaptation and the UAE Framework for Global Climate Resilience\" tabindex=\"-1\" target=\"_blank\">\n\t\t\tLeer m\u00e1s...\t\t<\/a>\n\n\t\t\t\t\t<\/div>\n\t\t\t\t<\/div>\n\t\t\t\t<\/article>\n\t\t\t\t<article class=\"elementor-post elementor-grid-item post-5127 post type-post status-publish format-standard has-post-thumbnail hentry category-arg1-5 category-documento category-informe-tys category-nivel_internacional tag-adaptacion tag-cambio-climatico tag-financiamiento tag-meta-global-de-adaptacion\">\n\t\t\t\t<a class=\"elementor-post__thumbnail__link\" href=\"https:\/\/arg1punto5.com\/index.php\/2025\/11\/12\/documento-tecnico-cocoa-camino-a-belem-estrategias-para-un-resultado-exitoso-de-la-meta-global-de-adaptacion-en-la-cop30\/\" tabindex=\"-1\" target=&quot;_blank&quot;>\n\t\t\t<div class=\"elementor-post__thumbnail\"><img decoding=\"async\" loading=\"lazy\" width=\"1214\" height=\"1688\" src=\"https:\/\/arg1punto5.com\/wp-content\/uploads\/2025\/11\/Captura-de-pantalla-2025-11-12-a-las-11.18.29\u202fa.-m.png\" class=\"attachment-full size-full wp-image-5125\" alt=\"\" srcset=\"https:\/\/arg1punto5.com\/wp-content\/uploads\/2025\/11\/Captura-de-pantalla-2025-11-12-a-las-11.18.29\u202fa.-m.png 1214w, https:\/\/arg1punto5.com\/wp-content\/uploads\/2025\/11\/Captura-de-pantalla-2025-11-12-a-las-11.18.29\u202fa.-m-216x300.png 216w, https:\/\/arg1punto5.com\/wp-content\/uploads\/2025\/11\/Captura-de-pantalla-2025-11-12-a-las-11.18.29\u202fa.-m-736x1024.png 736w, https:\/\/arg1punto5.com\/wp-content\/uploads\/2025\/11\/Captura-de-pantalla-2025-11-12-a-las-11.18.29\u202fa.-m-768x1068.png 768w, https:\/\/arg1punto5.com\/wp-content\/uploads\/2025\/11\/Captura-de-pantalla-2025-11-12-a-las-11.18.29\u202fa.-m-1105x1536.png 1105w\" sizes=\"(max-width: 1214px) 100vw, 1214px\" \/><\/div>\n\t\t<\/a>\n\t\t\t\t<div class=\"elementor-post__text\">\n\t\t\t\t<h3 class=\"elementor-post__title\">\n\t\t\t<a href=\"https:\/\/arg1punto5.com\/index.php\/2025\/11\/12\/documento-tecnico-cocoa-camino-a-belem-estrategias-para-un-resultado-exitoso-de-la-meta-global-de-adaptacion-en-la-cop30\/\" target=&quot;_blank&quot;>\n\t\t\t\tDocumento t\u00e9cnico CoCoA. Camino a Bel\u00e9m: estrategias para un resultado exitoso de la Meta Global de Adaptaci\u00f3n en la COP30\t\t\t<\/a>\n\t\t<\/h3>\n\t\t\t\t<div class=\"elementor-post__excerpt\">\n\t\t\t<p>Autorxs: Pilar Bueno Rubial, Mar\u00eda Luz Falivene Fern\u00e1ndez, Laureano Corval\u00e1n, Victoria Laguzzi &amp; Carolina Passet Septiembre 2025 Co-CoA (Construcci\u00f3n Colectiva de Indicadores de Adaptaci\u00f3n) es<\/p>\n\t\t<\/div>\n\t\t\t\t\t<div class=\"elementor-post__read-more-wrapper\">\n\t\t\n\t\t<a class=\"elementor-post__read-more\" href=\"https:\/\/arg1punto5.com\/index.php\/2025\/11\/12\/documento-tecnico-cocoa-camino-a-belem-estrategias-para-un-resultado-exitoso-de-la-meta-global-de-adaptacion-en-la-cop30\/\" aria-label=\"Read more about Documento t\u00e9cnico CoCoA. Camino a Bel\u00e9m: estrategias para un resultado exitoso de la Meta Global de Adaptaci\u00f3n en la COP30\" tabindex=\"-1\" target=\"_blank\">\n\t\t\tLeer m\u00e1s...\t\t<\/a>\n\n\t\t\t\t\t<\/div>\n\t\t\t\t<\/div>\n\t\t\t\t<\/article>\n\t\t\t\t<article class=\"elementor-post elementor-grid-item post-5121 post type-post status-publish format-standard has-post-thumbnail hentry category-arg1-5 category-documento category-informe-tys category-nivel_internacional tag-adaptacion tag-cambio-climatico tag-meta-global-de-adaptacion tag-negociaciones\">\n\t\t\t\t<a class=\"elementor-post__thumbnail__link\" href=\"https:\/\/arg1punto5.com\/index.php\/2025\/10\/03\/technical-paper-cocoa-on-the-road-to-belem-proposals-for-a-sucessful-outcome-on-the-global-goal-on-adaptation-at-cop30\/\" tabindex=\"-1\" target=&quot;_blank&quot;>\n\t\t\t<div class=\"elementor-post__thumbnail\"><img decoding=\"async\" loading=\"lazy\" width=\"746\" height=\"1052\" src=\"https:\/\/arg1punto5.com\/wp-content\/uploads\/2025\/10\/Captura-de-pantalla-2025-10-02-a-las-5.22.04\u202fp.-m.png\" class=\"attachment-full size-full wp-image-5119\" alt=\"\" srcset=\"https:\/\/arg1punto5.com\/wp-content\/uploads\/2025\/10\/Captura-de-pantalla-2025-10-02-a-las-5.22.04\u202fp.-m.png 746w, https:\/\/arg1punto5.com\/wp-content\/uploads\/2025\/10\/Captura-de-pantalla-2025-10-02-a-las-5.22.04\u202fp.-m-213x300.png 213w, https:\/\/arg1punto5.com\/wp-content\/uploads\/2025\/10\/Captura-de-pantalla-2025-10-02-a-las-5.22.04\u202fp.-m-726x1024.png 726w\" sizes=\"(max-width: 746px) 100vw, 746px\" \/><\/div>\n\t\t<\/a>\n\t\t\t\t<div class=\"elementor-post__text\">\n\t\t\t\t<h3 class=\"elementor-post__title\">\n\t\t\t<a href=\"https:\/\/arg1punto5.com\/index.php\/2025\/10\/03\/technical-paper-cocoa-on-the-road-to-belem-proposals-for-a-sucessful-outcome-on-the-global-goal-on-adaptation-at-cop30\/\" target=&quot;_blank&quot;>\n\t\t\t\tTechnical Paper CoCoA. On the road to Belem: proposals for a sucessful outcome on the Global Goal on Adaptation at COP30\t\t\t<\/a>\n\t\t<\/h3>\n\t\t\t\t<div class=\"elementor-post__excerpt\">\n\t\t\t<p>Authors: Pilar Bueno Rubial, Mar\u00eda Luz Falivene Fern\u00e1ndez, Laureano Corval\u00e1n, Victoria Laguzzi &amp; Carolina Passet September 2025 Co-CoA \u201cCollective Construction of Adaptation Indicators\u201d is a<\/p>\n\t\t<\/div>\n\t\t\t\t\t<div class=\"elementor-post__read-more-wrapper\">\n\t\t\n\t\t<a class=\"elementor-post__read-more\" href=\"https:\/\/arg1punto5.com\/index.php\/2025\/10\/03\/technical-paper-cocoa-on-the-road-to-belem-proposals-for-a-sucessful-outcome-on-the-global-goal-on-adaptation-at-cop30\/\" aria-label=\"Read more about Technical Paper CoCoA. On the road to Belem: proposals for a sucessful outcome on the Global Goal on Adaptation at COP30\" tabindex=\"-1\" target=\"_blank\">\n\t\t\tLeer m\u00e1s...\t\t<\/a>\n\n\t\t\t\t\t<\/div>\n\t\t\t\t<\/div>\n\t\t\t\t<\/article>\n\t\t\t\t<article class=\"elementor-post elementor-grid-item post-5105 post type-post status-publish format-standard has-post-thumbnail hentry category-documento category-nivel_internacional category-proyecto-etf tag-cambio-climatico tag-cop30 tag-energia tag-mitigacion\">\n\t\t\t\t<a class=\"elementor-post__thumbnail__link\" href=\"https:\/\/arg1punto5.com\/index.php\/2025\/08\/13\/https-arg1punto5-com-wp-content-uploads-2025-08-technical-paper-n2-pdf\/\" tabindex=\"-1\" target=&quot;_blank&quot;>\n\t\t\t<div class=\"elementor-post__thumbnail\"><img decoding=\"async\" loading=\"lazy\" width=\"775\" height=\"655\" src=\"https:\/\/arg1punto5.com\/wp-content\/uploads\/2025\/08\/2nd-technicalpaper_ETF-english.png\" class=\"attachment-full size-full wp-image-5106\" alt=\"\" srcset=\"https:\/\/arg1punto5.com\/wp-content\/uploads\/2025\/08\/2nd-technicalpaper_ETF-english.png 775w, https:\/\/arg1punto5.com\/wp-content\/uploads\/2025\/08\/2nd-technicalpaper_ETF-english-300x254.png 300w, https:\/\/arg1punto5.com\/wp-content\/uploads\/2025\/08\/2nd-technicalpaper_ETF-english-768x649.png 768w\" sizes=\"(max-width: 775px) 100vw, 775px\" \/><\/div>\n\t\t<\/a>\n\t\t\t\t<div class=\"elementor-post__text\">\n\t\t\t\t<h3 class=\"elementor-post__title\">\n\t\t\t<a href=\"https:\/\/arg1punto5.com\/index.php\/2025\/08\/13\/https-arg1punto5-com-wp-content-uploads-2025-08-technical-paper-n2-pdf\/\" target=&quot;_blank&quot;>\n\t\t\t\tSecond Technical Report: The G20 Energy Transition Agenda: Brazil&#8217;s legacy for the Latin America Region in the run-up to COP30 &#8211; ETF Project\t\t\t<\/a>\n\t\t<\/h3>\n\t\t\t\t<div class=\"elementor-post__excerpt\">\n\t\t\t<p>Authors: Dussort, M. Noel; Giaccaglia, Clarisa; Fern\u00e1ndez Alonso, Jos\u00e9; Laguzzi, Victoria; Manrique, Mar\u00eda Lourdes; Makowski, Nicole; Busconi, Antonela August 2025 This analysis is informed by<\/p>\n\t\t<\/div>\n\t\t\t\t\t<div class=\"elementor-post__read-more-wrapper\">\n\t\t\n\t\t<a class=\"elementor-post__read-more\" href=\"https:\/\/arg1punto5.com\/index.php\/2025\/08\/13\/https-arg1punto5-com-wp-content-uploads-2025-08-technical-paper-n2-pdf\/\" aria-label=\"Read more about Second Technical Report: The G20 Energy Transition Agenda: Brazil&#8217;s legacy for the Latin America Region in the run-up to COP30 &#8211; ETF Project\" tabindex=\"-1\" target=\"_blank\">\n\t\t\tLeer m\u00e1s...\t\t<\/a>\n\n\t\t\t\t\t<\/div>\n\t\t\t\t<\/div>\n\t\t\t\t<\/article>\n\t\t\t\t<article class=\"elementor-post elementor-grid-item post-5099 post type-post status-publish format-standard has-post-thumbnail hentry category-documento category-nivel_internacional category-proyecto-etf tag-cambio-climatico tag-cop30 tag-energia tag-mitigacion\">\n\t\t\t\t<a class=\"elementor-post__thumbnail__link\" href=\"https:\/\/arg1punto5.com\/index.php\/2025\/08\/13\/https-arg1punto5-com-wp-content-uploads-2025-08-2-informe-tecnico_esp-pdf\/\" tabindex=\"-1\" target=&quot;_blank&quot;>\n\t\t\t<div class=\"elementor-post__thumbnail\"><img decoding=\"async\" loading=\"lazy\" width=\"600\" height=\"575\" src=\"https:\/\/arg1punto5.com\/wp-content\/uploads\/2025\/08\/ETF-2do-informe-caratula.png\" class=\"attachment-full size-full wp-image-5102\" alt=\"\" srcset=\"https:\/\/arg1punto5.com\/wp-content\/uploads\/2025\/08\/ETF-2do-informe-caratula.png 600w, https:\/\/arg1punto5.com\/wp-content\/uploads\/2025\/08\/ETF-2do-informe-caratula-300x288.png 300w\" sizes=\"(max-width: 600px) 100vw, 600px\" \/><\/div>\n\t\t<\/a>\n\t\t\t\t<div class=\"elementor-post__text\">\n\t\t\t\t<h3 class=\"elementor-post__title\">\n\t\t\t<a href=\"https:\/\/arg1punto5.com\/index.php\/2025\/08\/13\/https-arg1punto5-com-wp-content-uploads-2025-08-2-informe-tecnico_esp-pdf\/\" target=&quot;_blank&quot;>\n\t\t\t\tSegundo Informe t\u00e9cnico:  La agenda de transicion energetica del G20: el legado de Brasil para la regi\u00f3n latinoamericana rumbo a la COP30 &#8211; Proyecto ETF\t\t\t<\/a>\n\t\t<\/h3>\n\t\t\t\t<div class=\"elementor-post__excerpt\">\n\t\t\t<p>Autores\/as: Dussort, M. Noel; Giaccaglia, Clarisa; Fern\u00e1ndez Alonso, Jos\u00e9; Laguzzi, Victoria; Manrique, Mar\u00eda Lourdes; |Makowski, Nicole; Busconi, Antonela Agosto 2025 El objetivo de este informe<\/p>\n\t\t<\/div>\n\t\t\t\t\t<div class=\"elementor-post__read-more-wrapper\">\n\t\t\n\t\t<a class=\"elementor-post__read-more\" href=\"https:\/\/arg1punto5.com\/index.php\/2025\/08\/13\/https-arg1punto5-com-wp-content-uploads-2025-08-2-informe-tecnico_esp-pdf\/\" aria-label=\"Read more about Segundo Informe t\u00e9cnico:  La agenda de transicion energetica del G20: el legado de Brasil para la regi\u00f3n latinoamericana rumbo a la COP30 &#8211; Proyecto ETF\" tabindex=\"-1\" target=\"_blank\">\n\t\t\tLeer m\u00e1s...\t\t<\/a>\n\n\t\t\t\t\t<\/div>\n\t\t\t\t<\/div>\n\t\t\t\t<\/article>\n\t\t\t\t<article class=\"elementor-post elementor-grid-item post-5093 post type-post status-publish format-standard has-post-thumbnail hentry category-documento category-nivel_internacional category-proyecto-etf tag-cambio-climatico tag-cop30 tag-energia tag-mitigacion\">\n\t\t\t\t<a class=\"elementor-post__thumbnail__link\" href=\"https:\/\/arg1punto5.com\/index.php\/2025\/08\/13\/https-arg1punto5-com-wp-content-uploads-2025-08-informe-tecnico-1_esp-pdf\/\" tabindex=\"-1\" target=&quot;_blank&quot;>\n\t\t\t<div class=\"elementor-post__thumbnail\"><img decoding=\"async\" loading=\"lazy\" width=\"599\" height=\"584\" src=\"https:\/\/arg1punto5.com\/wp-content\/uploads\/2025\/08\/ETF-1er-informe-caratula.png\" class=\"attachment-full size-full wp-image-5101\" alt=\"\" srcset=\"https:\/\/arg1punto5.com\/wp-content\/uploads\/2025\/08\/ETF-1er-informe-caratula.png 599w, https:\/\/arg1punto5.com\/wp-content\/uploads\/2025\/08\/ETF-1er-informe-caratula-300x292.png 300w\" sizes=\"(max-width: 599px) 100vw, 599px\" \/><\/div>\n\t\t<\/a>\n\t\t\t\t<div class=\"elementor-post__text\">\n\t\t\t\t<h3 class=\"elementor-post__title\">\n\t\t\t<a href=\"https:\/\/arg1punto5.com\/index.php\/2025\/08\/13\/https-arg1punto5-com-wp-content-uploads-2025-08-informe-tecnico-1_esp-pdf\/\" target=&quot;_blank&quot;>\n\t\t\t\tPrimer Informe t\u00e9cnico: Impulsando la transici\u00f3n energ\u00e9tica de Brasil: Actores clave, formulaci\u00f3n de narrativas y compromiso global (2024 &#8211; 2025) &#8211; Proyecto ETF\t\t\t<\/a>\n\t\t<\/h3>\n\t\t\t\t<div class=\"elementor-post__excerpt\">\n\t\t\t<p>Autores\/as: Bueno, M. del Pilar; Dussort, M. Noel; Giaccaglia, Clarisa;Fern\u00e1ndez Alonso, Jos\u00e9; Laguzzi, Victoria; Manrique, Mar\u00eda Lourdes; Makowski, Nicole; Busconi, Antonela Julio 2025 El a\u00f1o<\/p>\n\t\t<\/div>\n\t\t\t\t\t<div class=\"elementor-post__read-more-wrapper\">\n\t\t\n\t\t<a class=\"elementor-post__read-more\" href=\"https:\/\/arg1punto5.com\/index.php\/2025\/08\/13\/https-arg1punto5-com-wp-content-uploads-2025-08-informe-tecnico-1_esp-pdf\/\" aria-label=\"Read more about Primer Informe t\u00e9cnico: Impulsando la transici\u00f3n energ\u00e9tica de Brasil: Actores clave, formulaci\u00f3n de narrativas y compromiso global (2024 &#8211; 2025) &#8211; Proyecto ETF\" tabindex=\"-1\" target=\"_blank\">\n\t\t\tLeer m\u00e1s...\t\t<\/a>\n\n\t\t\t\t\t<\/div>\n\t\t\t\t<\/div>\n\t\t\t\t<\/article>\n\t\t\t\t<\/div>\n\t\t\t\t\t<span class=\"e-load-more-spinner\">\n\t\t\t\t<i aria-hidden=\"true\" class=\"fas fa-spinner\"><\/i>\t\t\t<\/span>\n\t\t\n\t\t\t\t<div class=\"e-load-more-anchor\" data-page=\"1\" data-max-page=\"3\" data-next-page=\"https:\/\/arg1punto5.com\/index.php\/wp-json\/wp\/v2\/pages\/1556\/page\/2\/\"><\/div>\n\t\t\t\t<div class=\"elementor-button-wrapper\">\n\t\t\t<a href=\"#\" class=\"elementor-button-link elementor-button\" role=\"button\">\n\t\t\t\t\t\t<span class=\"elementor-button-content-wrapper\">\n\t\t\t\t\t\t<span class=\"elementor-button-text\">Cargar m\u00e1s.<\/span>\n\t\t<\/span>\n\t\t\t\t\t<\/a>\n\t\t<\/div>\n\t\t\t\t<div class=\"e-load-more-message\"><\/div>\n\t\t\t\t<\/div>\n\t\t\t\t<\/div>\n\t\t\t\t\t<\/div>\n\t\t<\/div>\n\t\t\t\t\t\t\t<\/div>\n\t\t<\/section>\n\t\t\t\t\t\t\t<\/div>\n\t\t","protected":false},"excerpt":{"rendered":"<p>Los informes de s\u00edntesis y t\u00e9cnicos presentan un an\u00e1lisis cuali y cuantitativo en profundidad sobre un tema espec\u00edfico vinculado a la acci\u00f3n clim\u00e1tica de Argentina y otros pa\u00edses, en las negociaciones internacionales en el marco de la Convenci\u00f3n Marco de Naciones Unidas sobre Cambio Clim\u00e1tico y en el G20, as\u00ed como en lo relativo al [&hellip;]<\/p>\n","protected":false},"author":1,"featured_media":0,"parent":0,"menu_order":0,"comment_status":"closed","ping_status":"closed","template":"elementor_canvas","meta":{"footnotes":""},"_links":{"self":[{"href":"https:\/\/arg1punto5.com\/index.php\/wp-json\/wp\/v2\/pages\/1556"}],"collection":[{"href":"https:\/\/arg1punto5.com\/index.php\/wp-json\/wp\/v2\/pages"}],"about":[{"href":"https:\/\/arg1punto5.com\/index.php\/wp-json\/wp\/v2\/types\/page"}],"author":[{"embeddable":true,"href":"https:\/\/arg1punto5.com\/index.php\/wp-json\/wp\/v2\/users\/1"}],"replies":[{"embeddable":true,"href":"https:\/\/arg1punto5.com\/index.php\/wp-json\/wp\/v2\/comments?post=1556"}],"version-history":[{"count":56,"href":"https:\/\/arg1punto5.com\/index.php\/wp-json\/wp\/v2\/pages\/1556\/revisions"}],"predecessor-version":[{"id":4444,"href":"https:\/\/arg1punto5.com\/index.php\/wp-json\/wp\/v2\/pages\/1556\/revisions\/4444"}],"wp:attachment":[{"href":"https:\/\/arg1punto5.com\/index.php\/wp-json\/wp\/v2\/media?parent=1556"}],"curies":[{"name":"wp","href":"https:\/\/api.w.org\/{rel}","templated":true}]}}