{"id":2821,"date":"2023-08-16T05:41:15","date_gmt":"2023-08-16T05:41:15","guid":{"rendered":"https:\/\/argentina15.marketingap.com.ar\/?page_id=2821"},"modified":"2023-09-26T03:55:44","modified_gmt":"2023-09-26T03:55:44","slug":"notas","status":"publish","type":"page","link":"https:\/\/arg1punto5.com\/index.php\/notas\/","title":{"rendered":"NOTAS"},"content":{"rendered":"\t\t<div data-elementor-type=\"wp-page\" data-elementor-id=\"2821\" class=\"elementor elementor-2821\" data-elementor-post-type=\"page\">\n\t\t\t\t\t\t\t\t\t<section class=\"elementor-section elementor-top-section elementor-element elementor-element-e09f76e elementor-section-boxed elementor-section-height-default elementor-section-height-default\" data-id=\"e09f76e\" data-element_type=\"section\">\n\t\t\t\t\t\t<div class=\"elementor-container elementor-column-gap-default\">\n\t\t\t\t\t<div class=\"elementor-column elementor-col-100 elementor-top-column elementor-element elementor-element-2ebc43e\" data-id=\"2ebc43e\" data-element_type=\"column\">\n\t\t\t<div class=\"elementor-widget-wrap elementor-element-populated\">\n\t\t\t\t\t\t\t\t<div class=\"elementor-element elementor-element-89b311f elementor-widget elementor-widget-text-editor\" data-id=\"89b311f\" data-element_type=\"widget\" data-widget_type=\"text-editor.default\">\n\t\t\t\t<div class=\"elementor-widget-container\">\n\t\t\t<style>\/*! elementor - v3.16.0 - 13-09-2023 *\/\n.elementor-widget-text-editor.elementor-drop-cap-view-stacked .elementor-drop-cap{background-color:#69727d;color:#fff}.elementor-widget-text-editor.elementor-drop-cap-view-framed .elementor-drop-cap{color:#69727d;border:3px solid;background-color:transparent}.elementor-widget-text-editor:not(.elementor-drop-cap-view-default) .elementor-drop-cap{margin-top:8px}.elementor-widget-text-editor:not(.elementor-drop-cap-view-default) .elementor-drop-cap-letter{width:1em;height:1em}.elementor-widget-text-editor .elementor-drop-cap{float:left;text-align:center;line-height:1;font-size:50px}.elementor-widget-text-editor .elementor-drop-cap-letter{display:inline-block}<\/style>\t\t\t\t<p>Los productos elaborados por Argentina 1.5 est\u00e1n vinculados a la acci\u00f3n clim\u00e1tica de Argentina y otros pa\u00edses, en las negociaciones internacionales en el marco de la Convenci\u00f3n Marco de Naciones Unidas sobre Cambio Clim\u00e1tico y en el G20, as\u00ed como en lo relativo al r\u00e9gimen jur\u00eddico y a las pol\u00edticas clim\u00e1ticas nacionales y subnacionales.<\/p>\t\t\t\t\t\t<\/div>\n\t\t\t\t<\/div>\n\t\t\t\t<div class=\"elementor-element elementor-element-198ec6a elementor-posts--align-left elementor-grid-3 elementor-grid-tablet-2 elementor-grid-mobile-1 elementor-posts--thumbnail-top load-more-align-center elementor-widget elementor-widget-posts\" data-id=\"198ec6a\" data-element_type=\"widget\" data-settings=\"{&quot;pagination_type&quot;:&quot;load_more_on_click&quot;,&quot;classic_columns&quot;:&quot;3&quot;,&quot;classic_columns_tablet&quot;:&quot;2&quot;,&quot;classic_columns_mobile&quot;:&quot;1&quot;,&quot;classic_row_gap&quot;:{&quot;unit&quot;:&quot;px&quot;,&quot;size&quot;:35,&quot;sizes&quot;:[]},&quot;classic_row_gap_tablet&quot;:{&quot;unit&quot;:&quot;px&quot;,&quot;size&quot;:&quot;&quot;,&quot;sizes&quot;:[]},&quot;classic_row_gap_mobile&quot;:{&quot;unit&quot;:&quot;px&quot;,&quot;size&quot;:&quot;&quot;,&quot;sizes&quot;:[]},&quot;load_more_spinner&quot;:{&quot;value&quot;:&quot;fas fa-spinner&quot;,&quot;library&quot;:&quot;fa-solid&quot;}}\" data-widget_type=\"posts.classic\">\n\t\t\t\t<div class=\"elementor-widget-container\">\n\t\t\t<link rel=\"stylesheet\" href=\"https:\/\/arg1punto5.com\/wp-content\/plugins\/elementor-pro\/assets\/css\/widget-posts.min.css\">\t\t<div class=\"elementor-posts-container elementor-posts elementor-posts--skin-classic elementor-grid\">\n\t\t\t\t<article class=\"elementor-post elementor-grid-item post-2840 post type-post status-publish format-standard has-post-thumbnail hentry category-nota\">\n\t\t\t\t<a class=\"elementor-post__thumbnail__link\" href=\"https:\/\/arg1punto5.com\/index.php\/2023\/08\/16\/abro-hilo-el-presente-y-futuro-de-la-argentina-entrevista-a-pilar-bueno\/\" tabindex=\"-1\" target=&quot;_blank&quot;>\n\t\t\t<div class=\"elementor-post__thumbnail\"><img decoding=\"async\" loading=\"lazy\" width=\"1758\" height=\"986\" src=\"https:\/\/arg1punto5.com\/wp-content\/uploads\/2023\/08\/Documento-4.png\" class=\"attachment-full size-full wp-image-2854\" alt=\"\" srcset=\"https:\/\/arg1punto5.com\/wp-content\/uploads\/2023\/08\/Documento-4.png 1758w, https:\/\/arg1punto5.com\/wp-content\/uploads\/2023\/08\/Documento-4-300x168.png 300w, https:\/\/arg1punto5.com\/wp-content\/uploads\/2023\/08\/Documento-4-1024x574.png 1024w, https:\/\/arg1punto5.com\/wp-content\/uploads\/2023\/08\/Documento-4-768x431.png 768w, https:\/\/arg1punto5.com\/wp-content\/uploads\/2023\/08\/Documento-4-1536x861.png 1536w\" sizes=\"(max-width: 1758px) 100vw, 1758px\" \/><\/div>\n\t\t<\/a>\n\t\t\t\t<div class=\"elementor-post__text\">\n\t\t\t\t<h3 class=\"elementor-post__title\">\n\t\t\t<a href=\"https:\/\/arg1punto5.com\/index.php\/2023\/08\/16\/abro-hilo-el-presente-y-futuro-de-la-argentina-entrevista-a-pilar-bueno\/\" target=&quot;_blank&quot;>\n\t\t\t\tAbro hilo. El presente y futuro de la Argentina. Entrevista a Pilar Bueno\t\t\t<\/a>\n\t\t<\/h3>\n\t\t\t\t<div class=\"elementor-post__excerpt\">\n\t\t\t<p>Fecha: Agosto de 2021 Hace clic para ver la entrevista.<\/p>\n\t\t<\/div>\n\t\t\t\t\t<div class=\"elementor-post__read-more-wrapper\">\n\t\t\n\t\t<a class=\"elementor-post__read-more\" href=\"https:\/\/arg1punto5.com\/index.php\/2023\/08\/16\/abro-hilo-el-presente-y-futuro-de-la-argentina-entrevista-a-pilar-bueno\/\" aria-label=\"Read more about Abro hilo. El presente y futuro de la Argentina. Entrevista a Pilar Bueno\" tabindex=\"-1\" target=\"_blank\">\n\t\t\tLeer m\u00e1s...\t\t<\/a>\n\n\t\t\t\t\t<\/div>\n\t\t\t\t<\/div>\n\t\t\t\t<\/article>\n\t\t\t\t<article class=\"elementor-post elementor-grid-item post-2815 post type-post status-publish format-standard has-post-thumbnail hentry category-nota\">\n\t\t\t\t<a class=\"elementor-post__thumbnail__link\" href=\"https:\/\/arg1punto5.com\/index.php\/2023\/08\/16\/nota-2\/\" tabindex=\"-1\" target=&quot;_blank&quot;>\n\t\t\t<div class=\"elementor-post__thumbnail\"><img decoding=\"async\" loading=\"lazy\" width=\"1810\" height=\"1052\" src=\"https:\/\/arg1punto5.com\/wp-content\/uploads\/2023\/08\/Nota-2.png\" class=\"attachment-full size-full wp-image-2817\" alt=\"\" srcset=\"https:\/\/arg1punto5.com\/wp-content\/uploads\/2023\/08\/Nota-2.png 1810w, https:\/\/arg1punto5.com\/wp-content\/uploads\/2023\/08\/Nota-2-300x174.png 300w, https:\/\/arg1punto5.com\/wp-content\/uploads\/2023\/08\/Nota-2-1024x595.png 1024w, https:\/\/arg1punto5.com\/wp-content\/uploads\/2023\/08\/Nota-2-768x446.png 768w, https:\/\/arg1punto5.com\/wp-content\/uploads\/2023\/08\/Nota-2-1536x893.png 1536w\" sizes=\"(max-width: 1810px) 100vw, 1810px\" \/><\/div>\n\t\t<\/a>\n\t\t\t\t<div class=\"elementor-post__text\">\n\t\t\t\t<h3 class=\"elementor-post__title\">\n\t\t\t<a href=\"https:\/\/arg1punto5.com\/index.php\/2023\/08\/16\/nota-2\/\" target=&quot;_blank&quot;>\n\t\t\t\tLatin America and the Caribbean and the case for abundance at COP27\t\t\t<\/a>\n\t\t<\/h3>\n\t\t\t\t<div class=\"elementor-post__excerpt\">\n\t\t\t<p>Autoras: Ana Toni, Pilar Bueno y Mar\u00eda Laura Rojas Hace clic aqu\u00ed para leer la nota.<\/p>\n\t\t<\/div>\n\t\t\t\t\t<div class=\"elementor-post__read-more-wrapper\">\n\t\t\n\t\t<a class=\"elementor-post__read-more\" href=\"https:\/\/arg1punto5.com\/index.php\/2023\/08\/16\/nota-2\/\" aria-label=\"Read more about Latin America and the Caribbean and the case for abundance at COP27\" tabindex=\"-1\" target=\"_blank\">\n\t\t\tLeer m\u00e1s...\t\t<\/a>\n\n\t\t\t\t\t<\/div>\n\t\t\t\t<\/div>\n\t\t\t\t<\/article>\n\t\t\t\t<article class=\"elementor-post elementor-grid-item post-2812 post type-post status-publish format-standard has-post-thumbnail hentry category-nota\">\n\t\t\t\t<a class=\"elementor-post__thumbnail__link\" href=\"https:\/\/arg1punto5.com\/index.php\/2023\/08\/16\/nota-1\/\" tabindex=\"-1\" target=&quot;_blank&quot;>\n\t\t\t<div class=\"elementor-post__thumbnail\"><img decoding=\"async\" loading=\"lazy\" width=\"1810\" height=\"818\" src=\"https:\/\/arg1punto5.com\/wp-content\/uploads\/2023\/08\/Nota-1.png\" class=\"attachment-full size-full wp-image-2813\" alt=\"\" srcset=\"https:\/\/arg1punto5.com\/wp-content\/uploads\/2023\/08\/Nota-1.png 1810w, https:\/\/arg1punto5.com\/wp-content\/uploads\/2023\/08\/Nota-1-300x136.png 300w, https:\/\/arg1punto5.com\/wp-content\/uploads\/2023\/08\/Nota-1-1024x463.png 1024w, https:\/\/arg1punto5.com\/wp-content\/uploads\/2023\/08\/Nota-1-768x347.png 768w, https:\/\/arg1punto5.com\/wp-content\/uploads\/2023\/08\/Nota-1-1536x694.png 1536w\" sizes=\"(max-width: 1810px) 100vw, 1810px\" \/><\/div>\n\t\t<\/a>\n\t\t\t\t<div class=\"elementor-post__text\">\n\t\t\t\t<h3 class=\"elementor-post__title\">\n\t\t\t<a href=\"https:\/\/arg1punto5.com\/index.php\/2023\/08\/16\/nota-1\/\" target=&quot;_blank&quot;>\n\t\t\t\tColumna El Pa\u00eds. La crisis clim\u00e1tica, el tema ausente en la campa\u00f1a a la Presidencia argentina\t\t\t<\/a>\n\t\t<\/h3>\n\t\t\t\t<div class=\"elementor-post__excerpt\">\n\t\t\t<p>Fecha: Junio 2023 Autoras: Mar\u00eda Laura Rojas, Enrique Maurtua y Pilar Bueno Rubial Hace clic aqu\u00ed para ingresar a la nota.<\/p>\n\t\t<\/div>\n\t\t\t\t\t<div class=\"elementor-post__read-more-wrapper\">\n\t\t\n\t\t<a class=\"elementor-post__read-more\" href=\"https:\/\/arg1punto5.com\/index.php\/2023\/08\/16\/nota-1\/\" aria-label=\"Read more about Columna El Pa\u00eds. La crisis clim\u00e1tica, el tema ausente en la campa\u00f1a a la Presidencia argentina\" tabindex=\"-1\" target=\"_blank\">\n\t\t\tLeer m\u00e1s...\t\t<\/a>\n\n\t\t\t\t\t<\/div>\n\t\t\t\t<\/div>\n\t\t\t\t<\/article>\n\t\t\t\t<\/div>\n\t\t\t\t\t<span class=\"e-load-more-spinner\">\n\t\t\t\t<i aria-hidden=\"true\" class=\"fas fa-spinner\"><\/i>\t\t\t<\/span>\n\t\t\n\t\t\t\t<\/div>\n\t\t\t\t<\/div>\n\t\t\t\t\t<\/div>\n\t\t<\/div>\n\t\t\t\t\t\t\t<\/div>\n\t\t<\/section>\n\t\t\t\t\t\t\t<\/div>\n\t\t","protected":false},"excerpt":{"rendered":"<p>Los productos elaborados por Argentina 1.5 est\u00e1n vinculados a la acci\u00f3n clim\u00e1tica de Argentina y otros pa\u00edses, en las negociaciones internacionales en el marco de la Convenci\u00f3n Marco de Naciones Unidas sobre Cambio Clim\u00e1tico y en el G20, as\u00ed como en lo relativo al r\u00e9gimen jur\u00eddico y a las pol\u00edticas clim\u00e1ticas nacionales y subnacionales.<\/p>\n","protected":false},"author":1,"featured_media":0,"parent":0,"menu_order":0,"comment_status":"closed","ping_status":"closed","template":"","meta":{"footnotes":""},"_links":{"self":[{"href":"https:\/\/arg1punto5.com\/index.php\/wp-json\/wp\/v2\/pages\/2821"}],"collection":[{"href":"https:\/\/arg1punto5.com\/index.php\/wp-json\/wp\/v2\/pages"}],"about":[{"href":"https:\/\/arg1punto5.com\/index.php\/wp-json\/wp\/v2\/types\/page"}],"author":[{"embeddable":true,"href":"https:\/\/arg1punto5.com\/index.php\/wp-json\/wp\/v2\/users\/1"}],"replies":[{"embeddable":true,"href":"https:\/\/arg1punto5.com\/index.php\/wp-json\/wp\/v2\/comments?post=2821"}],"version-history":[{"count":16,"href":"https:\/\/arg1punto5.com\/index.php\/wp-json\/wp\/v2\/pages\/2821\/revisions"}],"predecessor-version":[{"id":4457,"href":"https:\/\/arg1punto5.com\/index.php\/wp-json\/wp\/v2\/pages\/2821\/revisions\/4457"}],"wp:attachment":[{"href":"https:\/\/arg1punto5.com\/index.php\/wp-json\/wp\/v2\/media?parent=2821"}],"curies":[{"name":"wp","href":"https:\/\/api.w.org\/{rel}","templated":true}]}}