{"id":605,"date":"2023-07-02T20:28:46","date_gmt":"2023-07-02T20:28:46","guid":{"rendered":"https:\/\/argentina15.marketingap.com.ar\/?page_id=605"},"modified":"2025-04-16T21:52:47","modified_gmt":"2025-04-16T21:52:47","slug":"publicaciones","status":"publish","type":"page","link":"https:\/\/arg1punto5.com\/index.php\/publicaciones\/","title":{"rendered":"PUBLICACIONES"},"content":{"rendered":"<p>Los productos elaborados por Argentina 1.5 est\u00e1n vinculados a la acci\u00f3n clim\u00e1tica de Argentina y otros pa\u00edses, en las negociaciones internacionales en el marco de la Convenci\u00f3n Marco de Naciones Unidas sobre Cambio Clim\u00e1tico y en el G20, as\u00ed como en lo relativo al r\u00e9gimen jur\u00eddico y a las pol\u00edticas clim\u00e1ticas nacionales y subnacionales.<\/p>\n","protected":false},"excerpt":{"rendered":"<p>Los productos elaborados por Argentina 1.5 est\u00e1n vinculados a la acci\u00f3n clim\u00e1tica de Argentina y otros pa\u00edses, en las negociaciones internacionales en el marco de la Convenci\u00f3n Marco de Naciones Unidas sobre Cambio Clim\u00e1tico y en el G20, as\u00ed como en lo relativo al r\u00e9gimen jur\u00eddico y a las pol\u00edticas clim\u00e1ticas nacionales y subnacionales.<\/p>\n","protected":false},"author":1,"featured_media":0,"parent":0,"menu_order":0,"comment_status":"closed","ping_status":"closed","template":"elementor_canvas","meta":{"footnotes":""},"_links":{"self":[{"href":"https:\/\/arg1punto5.com\/index.php\/wp-json\/wp\/v2\/pages\/605"}],"collection":[{"href":"https:\/\/arg1punto5.com\/index.php\/wp-json\/wp\/v2\/pages"}],"about":[{"href":"https:\/\/arg1punto5.com\/index.php\/wp-json\/wp\/v2\/types\/page"}],"author":[{"embeddable":true,"href":"https:\/\/arg1punto5.com\/index.php\/wp-json\/wp\/v2\/users\/1"}],"replies":[{"embeddable":true,"href":"https:\/\/arg1punto5.com\/index.php\/wp-json\/wp\/v2\/comments?post=605"}],"version-history":[{"count":203,"href":"https:\/\/arg1punto5.com\/index.php\/wp-json\/wp\/v2\/pages\/605\/revisions"}],"predecessor-version":[{"id":5055,"href":"https:\/\/arg1punto5.com\/index.php\/wp-json\/wp\/v2\/pages\/605\/revisions\/5055"}],"wp:attachment":[{"href":"https:\/\/arg1punto5.com\/index.php\/wp-json\/wp\/v2\/media?parent=605"}],"curies":[{"name":"wp","href":"https:\/\/api.w.org\/{rel}","templated":true}]}}